{"id":115,"date":"2016-11-05T22:58:13","date_gmt":"2016-11-05T21:58:13","guid":{"rendered":"http:\/\/medhyg.de\/home\/?page_id=115"},"modified":"2018-05-08T19:26:21","modified_gmt":"2018-05-08T17:26:21","slug":"antibiotikaresistenz","status":"publish","type":"page","link":"http:\/\/medhyg.de\/home\/antibiotikaresistenz\/","title":{"rendered":"Antibiotikaresistenz"},"content":{"rendered":"<p>Die Entwicklung von hochwirksamen Antibiotika hat in den vergangenen Jahrzehnten den Erfolg der klinischen Medizin mit begr\u00fcndet.<br \/>\nInzwischen jedoch sind diese potenten Medikamente durch die Zunahme von Antibiotikaresistenzen nicht mehr in jedem Falle verl\u00e4sslich effektiv.<br \/>\nEs gibt zahlreiche Hinweise, dass auch in Deutschland die Problematik der Antibiotikaresistenz zunimmt.<br \/>\n<strong> medhyg<\/strong> ber\u00e4t Ihre Einrichtung in der Analyse der Antibiotikaresistenzentwicklung bei Ihnen vor Ort und \u00fcberpr\u00fcft Ihre Einrichtung auf das Vorhandensein von vermeidbaren resistenten Erregern und von \u00fcbertragbaren Resistenzgenen sowie analysiert den durch Antibiotikaeinsatz ausge\u00fcbten Selektionsdruck.<\/p>\n","protected":false},"excerpt":{"rendered":"<p>Die Entwicklung von hochwirksamen Antibiotika hat in den vergangenen Jahrzehnten den Erfolg der klinischen Medizin mit begr\u00fcndet. Inzwischen jedoch sind diese potenten Medikamente durch die Zunahme von Antibiotikaresistenzen nicht mehr in jedem Falle verl\u00e4sslich effektiv. Es gibt zahlreiche Hinweise, dass auch in Deutschland die Problematik der Antibiotikaresistenz zunimmt. medhyg ber\u00e4t Ihre Einrichtung in der Analyse &#8230; <span class=\"more\"><a class=\"more-link\" href=\"http:\/\/medhyg.de\/home\/antibiotikaresistenz\/\">[Read more&#8230;]<\/a><\/span><\/p>\n","protected":false},"author":1,"featured_media":0,"parent":0,"menu_order":0,"comment_status":"closed","ping_status":"closed","template":"","meta":{"footnotes":""},"class_list":["entry","page","publish","author-administ","post-115"],"_links":{"self":[{"href":"http:\/\/medhyg.de\/home\/wp-json\/wp\/v2\/pages\/115","targetHints":{"allow":["GET"]}}],"collection":[{"href":"http:\/\/medhyg.de\/home\/wp-json\/wp\/v2\/pages"}],"about":[{"href":"http:\/\/medhyg.de\/home\/wp-json\/wp\/v2\/types\/page"}],"author":[{"embeddable":true,"href":"http:\/\/medhyg.de\/home\/wp-json\/wp\/v2\/users\/1"}],"replies":[{"embeddable":true,"href":"http:\/\/medhyg.de\/home\/wp-json\/wp\/v2\/comments?post=115"}],"version-history":[{"count":3,"href":"http:\/\/medhyg.de\/home\/wp-json\/wp\/v2\/pages\/115\/revisions"}],"predecessor-version":[{"id":243,"href":"http:\/\/medhyg.de\/home\/wp-json\/wp\/v2\/pages\/115\/revisions\/243"}],"wp:attachment":[{"href":"http:\/\/medhyg.de\/home\/wp-json\/wp\/v2\/media?parent=115"}],"curies":[{"name":"wp","href":"https:\/\/api.w.org\/{rel}","templated":true}]}}