{"id":121,"date":"2016-11-05T22:58:13","date_gmt":"2016-11-05T21:58:13","guid":{"rendered":"http:\/\/medhyg.de\/home\/?page_id=121"},"modified":"2018-05-08T19:22:30","modified_gmt":"2018-05-08T17:22:30","slug":"ausbruchsuntersuchungen","status":"publish","type":"page","link":"http:\/\/medhyg.de\/home\/ausbruchsuntersuchungen\/","title":{"rendered":"Ausbruchsuntersuchungen"},"content":{"rendered":"<p><strong>medhyg<\/strong> auditiert und entwickelt Ihre internen Vorgaben und Ma\u00dfnahmen, die im Fall eines geh\u00e4uften Auftretens nosokomialer Infektionen sinnvoll erscheinen, um eine unkontrollierte Ausbreitung dieser Infektionen wirkungsvoll und z\u00fcgig zu verhindern.<\/p>\n<p>Im Falle eines tats\u00e4chlichen Ausbruchsgeschehens priorisiert <strong>medhyg<\/strong> Ihre Einrichtung und steht f\u00fcr alle notwendigen Begehungen, Sitzungen des Ausbruchsteams oder f\u00fcr die fachliche Mitarbeit bei Medienverlautbarungen und Presseterminen zur Verf\u00fcgung.<\/p>\n","protected":false},"excerpt":{"rendered":"<p>medhyg auditiert und entwickelt Ihre internen Vorgaben und Ma\u00dfnahmen, die im Fall eines geh\u00e4uften Auftretens nosokomialer Infektionen sinnvoll erscheinen, um eine unkontrollierte Ausbreitung dieser Infektionen wirkungsvoll und z\u00fcgig zu verhindern. Im Falle eines tats\u00e4chlichen Ausbruchsgeschehens priorisiert medhyg Ihre Einrichtung und steht f\u00fcr alle notwendigen Begehungen, Sitzungen des Ausbruchsteams oder f\u00fcr die fachliche Mitarbeit bei Medienverlautbarungen &#8230; <span class=\"more\"><a class=\"more-link\" href=\"http:\/\/medhyg.de\/home\/ausbruchsuntersuchungen\/\">[Read more&#8230;]<\/a><\/span><\/p>\n","protected":false},"author":1,"featured_media":0,"parent":0,"menu_order":0,"comment_status":"closed","ping_status":"closed","template":"","meta":{"footnotes":""},"class_list":["entry","page","publish","author-administ","post-121"],"_links":{"self":[{"href":"http:\/\/medhyg.de\/home\/wp-json\/wp\/v2\/pages\/121","targetHints":{"allow":["GET"]}}],"collection":[{"href":"http:\/\/medhyg.de\/home\/wp-json\/wp\/v2\/pages"}],"about":[{"href":"http:\/\/medhyg.de\/home\/wp-json\/wp\/v2\/types\/page"}],"author":[{"embeddable":true,"href":"http:\/\/medhyg.de\/home\/wp-json\/wp\/v2\/users\/1"}],"replies":[{"embeddable":true,"href":"http:\/\/medhyg.de\/home\/wp-json\/wp\/v2\/comments?post=121"}],"version-history":[{"count":3,"href":"http:\/\/medhyg.de\/home\/wp-json\/wp\/v2\/pages\/121\/revisions"}],"predecessor-version":[{"id":239,"href":"http:\/\/medhyg.de\/home\/wp-json\/wp\/v2\/pages\/121\/revisions\/239"}],"wp:attachment":[{"href":"http:\/\/medhyg.de\/home\/wp-json\/wp\/v2\/media?parent=121"}],"curies":[{"name":"wp","href":"https:\/\/api.w.org\/{rel}","templated":true}]}}