{"id":133,"date":"2016-11-05T22:58:13","date_gmt":"2016-11-05T21:58:13","guid":{"rendered":"http:\/\/medhyg.de\/home\/?page_id=133"},"modified":"2018-05-08T19:14:52","modified_gmt":"2018-05-08T17:14:52","slug":"hygieneplaene","status":"publish","type":"page","link":"http:\/\/medhyg.de\/home\/hygieneplaene\/","title":{"rendered":"Hygienepl\u00e4ne"},"content":{"rendered":"<p>Die innerbetrieblichen Abl\u00e4ufe medizinischer und pflegerischer Einrichtungen m\u00fcssen in geeigneter Form organisatorisch festgelegt werden und laufend weiter entwickelt werden.<strong> medhyg<\/strong> \u00fcberpr\u00fcft Ihre Abl\u00e4ufe mit einer initialen SOLL-\/IST-Analyse und entwickelt auf dieser Basis Ihre individuelle Verbesserungsstrategie.<\/p>\n<p>Die Aktualisierung des Hygieneplanes an neue Vorgaben, z.B. von Seiten des RKI oder der Aufsichtsbeh\u00f6rde oder an Ihre medizinisch-technische Entwicklung (neue Verfahren mit neuen Infektionsrisiken) ist dabei selbstverst\u00e4ndlich.<\/p>\n","protected":false},"excerpt":{"rendered":"<p>Die innerbetrieblichen Abl\u00e4ufe medizinischer und pflegerischer Einrichtungen m\u00fcssen in geeigneter Form organisatorisch festgelegt werden und laufend weiter entwickelt werden. medhyg \u00fcberpr\u00fcft Ihre Abl\u00e4ufe mit einer initialen SOLL-\/IST-Analyse und entwickelt auf dieser Basis Ihre individuelle Verbesserungsstrategie. Die Aktualisierung des Hygieneplanes an neue Vorgaben, z.B. von Seiten des RKI oder der Aufsichtsbeh\u00f6rde oder an Ihre medizinisch-technische Entwicklung &#8230; <span class=\"more\"><a class=\"more-link\" href=\"http:\/\/medhyg.de\/home\/hygieneplaene\/\">[Read more&#8230;]<\/a><\/span><\/p>\n","protected":false},"author":1,"featured_media":0,"parent":0,"menu_order":0,"comment_status":"closed","ping_status":"closed","template":"","meta":{"footnotes":""},"class_list":["entry","page","publish","author-administ","post-133"],"_links":{"self":[{"href":"http:\/\/medhyg.de\/home\/wp-json\/wp\/v2\/pages\/133","targetHints":{"allow":["GET"]}}],"collection":[{"href":"http:\/\/medhyg.de\/home\/wp-json\/wp\/v2\/pages"}],"about":[{"href":"http:\/\/medhyg.de\/home\/wp-json\/wp\/v2\/types\/page"}],"author":[{"embeddable":true,"href":"http:\/\/medhyg.de\/home\/wp-json\/wp\/v2\/users\/1"}],"replies":[{"embeddable":true,"href":"http:\/\/medhyg.de\/home\/wp-json\/wp\/v2\/comments?post=133"}],"version-history":[{"count":2,"href":"http:\/\/medhyg.de\/home\/wp-json\/wp\/v2\/pages\/133\/revisions"}],"predecessor-version":[{"id":234,"href":"http:\/\/medhyg.de\/home\/wp-json\/wp\/v2\/pages\/133\/revisions\/234"}],"wp:attachment":[{"href":"http:\/\/medhyg.de\/home\/wp-json\/wp\/v2\/media?parent=133"}],"curies":[{"name":"wp","href":"https:\/\/api.w.org\/{rel}","templated":true}]}}