{"id":278,"date":"2018-06-12T23:36:30","date_gmt":"2018-06-12T21:36:30","guid":{"rendered":"http:\/\/medhyg.de\/home\/?page_id=278"},"modified":"2018-06-12T23:36:30","modified_gmt":"2018-06-12T21:36:30","slug":"vdi","status":"publish","type":"page","link":"http:\/\/medhyg.de\/home\/vdi\/","title":{"rendered":"VDI"},"content":{"rendered":"<p>Seit 2017 hat der Gesetzgeber \u00fcber den Verordnungsweg f\u00fcr den rechtssicheren, hygienisch einwandfreien Betrieb von Verdunstungsk\u00fchlanlagen klare und verpflichtende Vorgaben festgelegt. In der 42. BImSchV wurde der im wesentlichen auf die VDI 2047 basierende Stand der Technik f\u00fcr den Betrieb und die beh\u00f6rdlichen Anforderungen bis hin zur Registrierung von R\u00fcckk\u00fchlwerken gesetzlich festgeschrieben.<\/p>\n<p>Wir vermitteln Ihnen die hygienischen Grundlagen zum einwandfreien Betrieb und das mikrobiologische Basiswissen f\u00fcr Ihre Eigenkontrollen (VDI 2047). Sollten bereits Grenzwert\u00fcberschreitungen vorliegen, so erstellen wir Ihnen eine Gef\u00e4hrdungsbeurteilung (DFLW Leitlinie)<\/p>\n","protected":false},"excerpt":{"rendered":"<p>Seit 2017 hat der Gesetzgeber \u00fcber den Verordnungsweg f\u00fcr den rechtssicheren, hygienisch einwandfreien Betrieb von Verdunstungsk\u00fchlanlagen klare und verpflichtende Vorgaben festgelegt. In der 42. BImSchV wurde der im wesentlichen auf die VDI 2047 basierende Stand der Technik f\u00fcr den Betrieb und die beh\u00f6rdlichen Anforderungen bis hin zur Registrierung von R\u00fcckk\u00fchlwerken gesetzlich festgeschrieben. Wir vermitteln Ihnen &#8230; <span class=\"more\"><a class=\"more-link\" href=\"http:\/\/medhyg.de\/home\/vdi\/\">[Read more&#8230;]<\/a><\/span><\/p>\n","protected":false},"author":1,"featured_media":0,"parent":0,"menu_order":0,"comment_status":"closed","ping_status":"closed","template":"","meta":{"footnotes":""},"class_list":["entry","page","publish","author-administ","post-278"],"_links":{"self":[{"href":"http:\/\/medhyg.de\/home\/wp-json\/wp\/v2\/pages\/278","targetHints":{"allow":["GET"]}}],"collection":[{"href":"http:\/\/medhyg.de\/home\/wp-json\/wp\/v2\/pages"}],"about":[{"href":"http:\/\/medhyg.de\/home\/wp-json\/wp\/v2\/types\/page"}],"author":[{"embeddable":true,"href":"http:\/\/medhyg.de\/home\/wp-json\/wp\/v2\/users\/1"}],"replies":[{"embeddable":true,"href":"http:\/\/medhyg.de\/home\/wp-json\/wp\/v2\/comments?post=278"}],"version-history":[{"count":1,"href":"http:\/\/medhyg.de\/home\/wp-json\/wp\/v2\/pages\/278\/revisions"}],"predecessor-version":[{"id":279,"href":"http:\/\/medhyg.de\/home\/wp-json\/wp\/v2\/pages\/278\/revisions\/279"}],"wp:attachment":[{"href":"http:\/\/medhyg.de\/home\/wp-json\/wp\/v2\/media?parent=278"}],"curies":[{"name":"wp","href":"https:\/\/api.w.org\/{rel}","templated":true}]}}