{"id":72,"date":"2016-11-05T22:26:23","date_gmt":"2016-11-05T21:26:23","guid":{"rendered":"http:\/\/medhyg.de\/home\/?page_id=72"},"modified":"2018-05-08T19:00:07","modified_gmt":"2018-05-08T17:00:07","slug":"krankenhaus","status":"publish","type":"page","link":"http:\/\/medhyg.de\/home\/krankenhaus\/","title":{"rendered":"Krankenhaus"},"content":{"rendered":"<p>Der Schutz Ihrer Patienten vor Infektionsrisiken, multiresistenten Krankheitserregern und nosokomialen Infektionen bei invasiver Diagnostik und Therapie: eine kompetente \u00e4rztliche Hygiene-Beratung ist notwendig, um diese Herausforderungen im Krankenhausalltag meistern zu k\u00f6nnen.<\/p>\n<p>Die <em>Hygiene-Verordnungen der L\u00e4nder<\/em> pr\u00e4zisieren die Anforderungen des Robert Koch Institutes an die Organisation und strukturelle Qualit\u00e4t der Krankenhaushygiene.<\/p>\n<p><strong>med<\/strong><strong>hyg<\/strong> ber\u00e4t und betreut Ihr Krankenhaus mit einem ma\u00dfgeschneiderten Konzept, um Ihre individuellen Infektionsrisiken zu minimieren: im krankenhaushygienischen Alltag, in besonderen Situationen (z.B. bei Erkrankungsh\u00e4ufungen) oder Fragen zu technischen Installationen und\u00a0 bei Bauma\u00dfnahmen.<\/p>\n<p>Wir verbessern die medizinischen Prozesse in Ihrem Krankenhaus mit \u00f6lonomischen Ma\u00dfnahmen, deren Effektivit\u00e4t durch wissenschaftliche Daten gesichert ist (evidenzbasiert), oder deren Durchf\u00fchrung von Experten mit wissenschaftlich nachvollziehbarer Begr\u00fcndung empfohlen wird (konsensbasiert).<\/p>\n","protected":false},"excerpt":{"rendered":"<p>Der Schutz Ihrer Patienten vor Infektionsrisiken, multiresistenten Krankheitserregern und nosokomialen Infektionen bei invasiver Diagnostik und Therapie: eine kompetente \u00e4rztliche Hygiene-Beratung ist notwendig, um diese Herausforderungen im Krankenhausalltag meistern zu k\u00f6nnen. Die Hygiene-Verordnungen der L\u00e4nder pr\u00e4zisieren die Anforderungen des Robert Koch Institutes an die Organisation und strukturelle Qualit\u00e4t der Krankenhaushygiene. medhyg ber\u00e4t und betreut Ihr Krankenhaus &#8230; <span class=\"more\"><a class=\"more-link\" href=\"http:\/\/medhyg.de\/home\/krankenhaus\/\">[Read more&#8230;]<\/a><\/span><\/p>\n","protected":false},"author":1,"featured_media":0,"parent":0,"menu_order":0,"comment_status":"closed","ping_status":"closed","template":"","meta":{"footnotes":""},"class_list":["entry","page","publish","author-administ","post-72"],"_links":{"self":[{"href":"http:\/\/medhyg.de\/home\/wp-json\/wp\/v2\/pages\/72","targetHints":{"allow":["GET"]}}],"collection":[{"href":"http:\/\/medhyg.de\/home\/wp-json\/wp\/v2\/pages"}],"about":[{"href":"http:\/\/medhyg.de\/home\/wp-json\/wp\/v2\/types\/page"}],"author":[{"embeddable":true,"href":"http:\/\/medhyg.de\/home\/wp-json\/wp\/v2\/users\/1"}],"replies":[{"embeddable":true,"href":"http:\/\/medhyg.de\/home\/wp-json\/wp\/v2\/comments?post=72"}],"version-history":[{"count":3,"href":"http:\/\/medhyg.de\/home\/wp-json\/wp\/v2\/pages\/72\/revisions"}],"predecessor-version":[{"id":224,"href":"http:\/\/medhyg.de\/home\/wp-json\/wp\/v2\/pages\/72\/revisions\/224"}],"wp:attachment":[{"href":"http:\/\/medhyg.de\/home\/wp-json\/wp\/v2\/media?parent=72"}],"curies":[{"name":"wp","href":"https:\/\/api.w.org\/{rel}","templated":true}]}}