{"id":80,"date":"2016-11-05T22:26:24","date_gmt":"2016-11-05T21:26:24","guid":{"rendered":"http:\/\/medhyg.de\/home\/?page_id=80"},"modified":"2018-05-08T19:06:14","modified_gmt":"2018-05-08T17:06:14","slug":"pflegeheime","status":"publish","type":"page","link":"http:\/\/medhyg.de\/home\/pflegeheime\/","title":{"rendered":"Pflegeheime"},"content":{"rendered":"<p>Sie ben\u00f6tigen praxisorientierte Beratung und fachkompetente Betreuung f\u00fcr die nach \u00a7 36 Infektionsschutzgesetz (IfSG) und nach \u00a7 17 des Gesetzes \u00fcber den \u00f6ffentlichen Gesundheitsdienst (\u00d6GDG) geforderte Aufstellung und Fortschreibung Ihres Hygieneplanes und weiterer innerbetrieblicher Verfahrensweisen zur Einhaltung der Infektionshygiene.<\/p>\n<p><strong>med<\/strong><strong>hyg<\/strong> unterst\u00fctzt Sie bei der Analyse von Infektionsgefahren, der Bewertung von Risiken, erarbeitet mit Ihnen Festlegungen von innerbetrieblichen \u00dcberwachungsma\u00dfnahmen und verbessert Ihre Qualit\u00e4t durch Audits Ihrer Dokumentation und Durchf\u00fchrung von Schulungen<\/p>\n","protected":false},"excerpt":{"rendered":"<p>Sie ben\u00f6tigen praxisorientierte Beratung und fachkompetente Betreuung f\u00fcr die nach \u00a7 36 Infektionsschutzgesetz (IfSG) und nach \u00a7 17 des Gesetzes \u00fcber den \u00f6ffentlichen Gesundheitsdienst (\u00d6GDG) geforderte Aufstellung und Fortschreibung Ihres Hygieneplanes und weiterer innerbetrieblicher Verfahrensweisen zur Einhaltung der Infektionshygiene. medhyg unterst\u00fctzt Sie bei der Analyse von Infektionsgefahren, der Bewertung von Risiken, erarbeitet mit Ihnen Festlegungen &#8230; <span class=\"more\"><a class=\"more-link\" href=\"http:\/\/medhyg.de\/home\/pflegeheime\/\">[Read more&#8230;]<\/a><\/span><\/p>\n","protected":false},"author":1,"featured_media":0,"parent":0,"menu_order":0,"comment_status":"closed","ping_status":"closed","template":"","meta":{"footnotes":""},"class_list":["entry","page","publish","author-administ","post-80"],"_links":{"self":[{"href":"http:\/\/medhyg.de\/home\/wp-json\/wp\/v2\/pages\/80","targetHints":{"allow":["GET"]}}],"collection":[{"href":"http:\/\/medhyg.de\/home\/wp-json\/wp\/v2\/pages"}],"about":[{"href":"http:\/\/medhyg.de\/home\/wp-json\/wp\/v2\/types\/page"}],"author":[{"embeddable":true,"href":"http:\/\/medhyg.de\/home\/wp-json\/wp\/v2\/users\/1"}],"replies":[{"embeddable":true,"href":"http:\/\/medhyg.de\/home\/wp-json\/wp\/v2\/comments?post=80"}],"version-history":[{"count":2,"href":"http:\/\/medhyg.de\/home\/wp-json\/wp\/v2\/pages\/80\/revisions"}],"predecessor-version":[{"id":230,"href":"http:\/\/medhyg.de\/home\/wp-json\/wp\/v2\/pages\/80\/revisions\/230"}],"wp:attachment":[{"href":"http:\/\/medhyg.de\/home\/wp-json\/wp\/v2\/media?parent=80"}],"curies":[{"name":"wp","href":"https:\/\/api.w.org\/{rel}","templated":true}]}}