{"id":82,"date":"2016-11-05T22:25:39","date_gmt":"2016-11-05T21:25:39","guid":{"rendered":"http:\/\/medhyg.de\/home\/?page_id=82"},"modified":"2018-05-08T19:06:49","modified_gmt":"2018-05-08T17:06:49","slug":"gemeinschaftseinrichtungen","status":"publish","type":"page","link":"http:\/\/medhyg.de\/home\/gemeinschaftseinrichtungen\/","title":{"rendered":"Gemeinschaftseinrichtungen"},"content":{"rendered":"<p>Sie leiten eine Einrichtung zur Betreuung von S\u00e4uglingen, Kindern oder Jugendlichen oder Ihr Verantwortungsbereich umfasst eine Gemeinschaftseinrichtung gem\u00e4\u00df \u00a7 33 des Infektionsschutzgesetzes (IfSG), z.B. Kinderkrippen, Kinderg\u00e4rten, Kindertagesst\u00e4tten, Kinderhorte, Schulen oder sonstige Ausbildungseinrichtungen, Heime und Ferienlager.<\/p>\n<p><strong>med<\/strong><strong>hyg <\/strong>ber\u00e4t Sie bei der Organisation Ihrer Hygieneregeln, um die Risiken im Zusammenleben einer relativ gro\u00dfe Zahl an Personen \u00fcber l\u00e4ngere Zeit in relativ engem r\u00e4umlichen Kontakt zu beherrschen. So k\u00f6nnen Sie die \u00dcbertragungen und Ausbreitung von Krankheiten in Ihren Einrichtungen vermeiden.<\/p>\n","protected":false},"excerpt":{"rendered":"<p>Sie leiten eine Einrichtung zur Betreuung von S\u00e4uglingen, Kindern oder Jugendlichen oder Ihr Verantwortungsbereich umfasst eine Gemeinschaftseinrichtung gem\u00e4\u00df \u00a7 33 des Infektionsschutzgesetzes (IfSG), z.B. Kinderkrippen, Kinderg\u00e4rten, Kindertagesst\u00e4tten, Kinderhorte, Schulen oder sonstige Ausbildungseinrichtungen, Heime und Ferienlager. medhyg ber\u00e4t Sie bei der Organisation Ihrer Hygieneregeln, um die Risiken im Zusammenleben einer relativ gro\u00dfe Zahl an Personen \u00fcber &#8230; <span class=\"more\"><a class=\"more-link\" href=\"http:\/\/medhyg.de\/home\/gemeinschaftseinrichtungen\/\">[Read more&#8230;]<\/a><\/span><\/p>\n","protected":false},"author":1,"featured_media":0,"parent":0,"menu_order":0,"comment_status":"closed","ping_status":"closed","template":"","meta":{"footnotes":""},"class_list":["entry","page","publish","author-administ","post-82"],"_links":{"self":[{"href":"http:\/\/medhyg.de\/home\/wp-json\/wp\/v2\/pages\/82","targetHints":{"allow":["GET"]}}],"collection":[{"href":"http:\/\/medhyg.de\/home\/wp-json\/wp\/v2\/pages"}],"about":[{"href":"http:\/\/medhyg.de\/home\/wp-json\/wp\/v2\/types\/page"}],"author":[{"embeddable":true,"href":"http:\/\/medhyg.de\/home\/wp-json\/wp\/v2\/users\/1"}],"replies":[{"embeddable":true,"href":"http:\/\/medhyg.de\/home\/wp-json\/wp\/v2\/comments?post=82"}],"version-history":[{"count":3,"href":"http:\/\/medhyg.de\/home\/wp-json\/wp\/v2\/pages\/82\/revisions"}],"predecessor-version":[{"id":231,"href":"http:\/\/medhyg.de\/home\/wp-json\/wp\/v2\/pages\/82\/revisions\/231"}],"wp:attachment":[{"href":"http:\/\/medhyg.de\/home\/wp-json\/wp\/v2\/media?parent=82"}],"curies":[{"name":"wp","href":"https:\/\/api.w.org\/{rel}","templated":true}]}}