{"id":91,"date":"2016-11-05T22:26:24","date_gmt":"2016-11-05T21:26:24","guid":{"rendered":"http:\/\/medhyg.de\/home\/?page_id=91"},"modified":"2018-05-08T19:31:43","modified_gmt":"2018-05-08T17:31:43","slug":"sterilgutversorgung","status":"publish","type":"page","link":"http:\/\/medhyg.de\/home\/sterilgutversorgung\/","title":{"rendered":"Sterilgutversorgung"},"content":{"rendered":"<p>Die Organisation der Aufbereitung Ihrer Medizinprodukte in einer Zentralen Sterilgutversorgung wird von uns auf allen Ebenen betreut:<br \/>\n&#8211; bauliche Planung der AEMP\/ZSVA<br \/>\n&#8211; Festlegung der Abl\u00e4ufe<br \/>\n&#8211; Laufende \u00dcberwachung<br \/>\n&#8211; Mitarbeiterqualifikation<\/p>\n<p>Wir unterst\u00fctzen Sie bei der Umsetzung der gemeinsame Empfehlung RKI-BfArm (2012) und der aktualisierten Medizinprodukte Betreiberverordnung (2017), um die normengerechte Aufbereitung Ihrer Medizinprodukte sicher zu stellen.<\/p>\n<p>Wir sind als Dozenten im Kursangebot der Akademie f\u00fcr Infektionspr\u00e4vention T\u00fcbingen t\u00e4tig und unterst\u00fctzen Sie bei der laufenden Fortbildung Ihrer Mitarbeiter.<br \/>\nDie Fachkundekurse zum Sterilisationsassistenten nach den Qualit\u00e4tskriterien der DGSV ist dabei unser Ziel.<\/p>\n","protected":false},"excerpt":{"rendered":"<p>Die Organisation der Aufbereitung Ihrer Medizinprodukte in einer Zentralen Sterilgutversorgung wird von uns auf allen Ebenen betreut: &#8211; bauliche Planung der AEMP\/ZSVA &#8211; Festlegung der Abl\u00e4ufe &#8211; Laufende \u00dcberwachung &#8211; Mitarbeiterqualifikation Wir unterst\u00fctzen Sie bei der Umsetzung der gemeinsame Empfehlung RKI-BfArm (2012) und der aktualisierten Medizinprodukte Betreiberverordnung (2017), um die normengerechte Aufbereitung Ihrer Medizinprodukte sicher &#8230; <span class=\"more\"><a class=\"more-link\" href=\"http:\/\/medhyg.de\/home\/sterilgutversorgung\/\">[Read more&#8230;]<\/a><\/span><\/p>\n","protected":false},"author":1,"featured_media":0,"parent":0,"menu_order":0,"comment_status":"closed","ping_status":"closed","template":"","meta":{"footnotes":""},"class_list":["entry","page","publish","author-administ","post-91"],"_links":{"self":[{"href":"http:\/\/medhyg.de\/home\/wp-json\/wp\/v2\/pages\/91","targetHints":{"allow":["GET"]}}],"collection":[{"href":"http:\/\/medhyg.de\/home\/wp-json\/wp\/v2\/pages"}],"about":[{"href":"http:\/\/medhyg.de\/home\/wp-json\/wp\/v2\/types\/page"}],"author":[{"embeddable":true,"href":"http:\/\/medhyg.de\/home\/wp-json\/wp\/v2\/users\/1"}],"replies":[{"embeddable":true,"href":"http:\/\/medhyg.de\/home\/wp-json\/wp\/v2\/comments?post=91"}],"version-history":[{"count":3,"href":"http:\/\/medhyg.de\/home\/wp-json\/wp\/v2\/pages\/91\/revisions"}],"predecessor-version":[{"id":247,"href":"http:\/\/medhyg.de\/home\/wp-json\/wp\/v2\/pages\/91\/revisions\/247"}],"wp:attachment":[{"href":"http:\/\/medhyg.de\/home\/wp-json\/wp\/v2\/media?parent=91"}],"curies":[{"name":"wp","href":"https:\/\/api.w.org\/{rel}","templated":true}]}}