{"id":2,"date":"2016-11-01T17:48:26","date_gmt":"2016-11-01T16:48:26","guid":{"rendered":"http:\/\/medhyg.de\/?page_id=2"},"modified":"2018-06-12T23:22:16","modified_gmt":"2018-06-12T21:22:16","slug":"home","status":"publish","type":"page","link":"https:\/\/medhyg.de\/home\/","title":{"rendered":"<span style=\"color: #646464; font-family: VERDANA,ARIAL,HELVETICA;\">Institut f\u00fcr Medizinhygiene <br>PD Dr. med. Klaus Schr\u00f6ppel<\/span>"},"content":{"rendered":"<p>Ich berate und betreue medizinische Einrichtungen in allen Fragen der Hygiene und des Infektionsschutzes. <strong><span style=\"color: #00ccff;\">med<\/span>hyg<\/strong> unterst\u00fctzt Sie bei der Umsetzung der RKI-Anforderungen und betreut Ihre Einrichtung mit einem l\u00f6sungsorientierten Konzept.<\/p>\n<p>Ich betreue Sie bei Fragen zur Hygiene beim Betrieb von Trinkwasseranlagen (VDI 6023), Raumlufttechnischen Anlagen (VDI 6022) und erstelle Ihre Gef\u00e4hrdungsbeurteilung f\u00fcr Verdunstungsk\u00fchlanlagen (VDI 2047).<\/p>\n<p>Die 3 S\u00e4ulen des infektionshygienischen Risikomanagementes stehen dabei im Fokus meiner T\u00e4tigkeiten:<br \/>\nStrukturqualit\u00e4t, Prozessqualit\u00e4t und Ergebnisqualit\u00e4t.<\/p>\n<p>Auch kurzfristig nehme ich meine Beratungst\u00e4tigkeit f\u00fcr Ihre Klinik oder Praxis als externer Krankenhaushygieniker auf. R\u00fcckfragen &#8211; gerne auch telefonisch (0173 459 8891) &#8211; oder per Kontaktformular.<\/p>\n","protected":false},"excerpt":{"rendered":"<p>Ich berate und betreue medizinische Einrichtungen in allen Fragen der Hygiene und des Infektionsschutzes. medhyg unterst\u00fctzt Sie bei der Umsetzung der RKI-Anforderungen und betreut Ihre Einrichtung mit einem l\u00f6sungsorientierten Konzept. Ich betreue Sie bei Fragen zur Hygiene beim Betrieb von Trinkwasseranlagen (VDI 6023), Raumlufttechnischen Anlagen (VDI 6022) und erstelle Ihre Gef\u00e4hrdungsbeurteilung f\u00fcr Verdunstungsk\u00fchlanlagen (VDI 2047). &#8230; <span class=\"more\"><a class=\"more-link\" href=\"https:\/\/medhyg.de\/home\/\">[Read more&#8230;]<\/a><\/span><\/p>\n","protected":false},"author":1,"featured_media":0,"parent":0,"menu_order":0,"comment_status":"closed","ping_status":"open","template":"","meta":{"footnotes":""},"class_list":["entry","page","publish","author-administ","post-2"],"_links":{"self":[{"href":"https:\/\/medhyg.de\/home\/wp-json\/wp\/v2\/pages\/2","targetHints":{"allow":["GET"]}}],"collection":[{"href":"https:\/\/medhyg.de\/home\/wp-json\/wp\/v2\/pages"}],"about":[{"href":"https:\/\/medhyg.de\/home\/wp-json\/wp\/v2\/types\/page"}],"author":[{"embeddable":true,"href":"https:\/\/medhyg.de\/home\/wp-json\/wp\/v2\/users\/1"}],"replies":[{"embeddable":true,"href":"https:\/\/medhyg.de\/home\/wp-json\/wp\/v2\/comments?post=2"}],"version-history":[{"count":18,"href":"https:\/\/medhyg.de\/home\/wp-json\/wp\/v2\/pages\/2\/revisions"}],"predecessor-version":[{"id":277,"href":"https:\/\/medhyg.de\/home\/wp-json\/wp\/v2\/pages\/2\/revisions\/277"}],"wp:attachment":[{"href":"https:\/\/medhyg.de\/home\/wp-json\/wp\/v2\/media?parent=2"}],"curies":[{"name":"wp","href":"https:\/\/api.w.org\/{rel}","templated":true}]}}